{"id":25,"date":"2023-06-10T21:29:39","date_gmt":"2023-06-10T14:29:39","guid":{"rendered":"http:\/\/media.ninhbinhweb.top\/?page_id=25"},"modified":"2023-06-11T08:53:15","modified_gmt":"2023-06-11T01:53:15","slug":"gioi-thieu","status":"publish","type":"page","link":"https:\/\/media1.mauthemewp.com\/vi\/gioi-thieu\/","title":{"rendered":"Gi\u1edbi thi\u1ec7u"},"content":{"rendered":"\n  <div class=\"banner has-hover banner-gioi-thieu\" id=\"banner-1128289635\">\n          <div class=\"banner-inner fill\">\n        <div class=\"banner-bg fill\" >\n            <div class=\"bg fill bg-fill \"><\/div>\n                        <div class=\"overlay\"><\/div>            \n                    <\/div>\n\t\t\n        <div class=\"banner-layers container\">\n            <div class=\"fill banner-link\"><\/div>            \n   <div id=\"text-box-1266159280\" class=\"text-box banner-layer x50 md-x50 lg-x50 y50 md-y50 lg-y50 res-text\">\n                                <div class=\"text-box-content text dark\">\n              \n              <div class=\"text-inner text-center\">\n                  \n<h1><span style=\"font-size: 150%;\">V\u1ec1<strong> ch\u00fang t\u00f4i.<\/strong><\/span><\/h1>\n              <\/div>\n           <\/div>\n                            \n<style>\n#text-box-1266159280 {\n  width: 60%;\n}\n#text-box-1266159280 .text-box-content {\n  font-size: 100%;\n}\n<\/style>\n    <\/div>\n \n        <\/div>\n      <\/div>\n\n            \n<style>\n#banner-1128289635 {\n  padding-top: 800px;\n}\n#banner-1128289635 .bg.bg-loaded {\n  background-image: url(https:\/\/media1.mauthemewp.com\/wp-content\/uploads\/2023\/06\/banner-about-dark.png);\n}\n#banner-1128289635 .overlay {\n  background-color: rgba(0, 77, 123, 0.692);\n}\n#banner-1128289635 .ux-shape-divider--top svg {\n  height: 150px;\n  --divider-top-width: 100%;\n}\n#banner-1128289635 .ux-shape-divider--bottom svg {\n  height: 150px;\n  --divider-width: 100%;\n}\n<\/style>\n  <\/div>\n\n\n\t<section class=\"section gioi-thieu-1\" id=\"section_1969825325\">\n\t\t<div class=\"bg section-bg fill bg-fill  bg-loaded\" >\n\n\t\t\t\n\t\t\t\n\t\t\t\n\n\t\t<\/div>\n\n\t\t\n\n\t\t<div class=\"section-content relative\">\n\t\t\t\n<div class=\"row\"  id=\"row-2112975702\">\n\n\t<div id=\"col-1341969733\" class=\"col small-12 large-12\"  >\n\t\t\t\t<div class=\"col-inner\"  >\n\t\t\t\n\t\t\t\n<h2 style=\"text-align: center;\"><span style=\"font-size: 250%;\">\u00c2m nh\u1ea1c <strong>\u201cKh\u00f4ng Kho\u1ea3ng C\u00e1ch\u201d<\/strong><\/span><\/h2>\n<p style=\"text-align: center;\"><span style=\"font-size: 110%; color: #808080;\">Ch\u00fang t\u00f4i \u0111ang ph\u00e1t tri\u1ec3n m\u1ed9t c\u00f4ng ty k\u1ebft h\u1ee3p ph\u00e2n ph\u1ed1i \u00e2m nh\u1ea1c v\u00e0 c\u00f4ng ngh\u1ec7 \u0111\u1ec3 cho ph\u00e9p c\u00e1c ngh\u1ec7 s\u0129 \u0111\u1ed9c l\u1eadp c\u00f3 quy\u1ec1n ki\u1ec3m so\u00e1t tr\u1ef1c ti\u1ebfp \u00e2m nh\u1ea1c c\u1ee7a h\u1ecd bao g\u1ed3m ph\u00e2n ph\u1ed1i, ti\u1ebfp th\u1ecb, t\u1ed1i \u01b0u h\u00f3a,&#8230;\u00a0\u0111\u1ec3 k\u1ebft n\u1ed1i v\u1edbi h\u00e0ng tri\u1ec7u ng\u01b0\u1eddi h\u00e2m m\u1ed9 tr\u00ean to\u00e0n th\u1ebf gi\u1edbi.<\/span><\/p>\n\t<div id=\"gap-795955684\" class=\"gap-element clearfix hide-for-small\" style=\"display:block; height:auto;\">\n\t\t\n<style>\n#gap-795955684 {\n  padding-top: 50px;\n}\n<\/style>\n\t<\/div>\n\t\n\t<div class=\"img has-hover x md-x lg-x y md-y lg-y\" id=\"image_1506315803\">\n\t\t\t\t\t\t\t\t<div class=\"img-inner dark\" >\n\t\t\t<img width=\"1337\" height=\"636\" src=\"https:\/\/media1.mauthemewp.com\/wp-content\/uploads\/2023\/06\/re.jpg\" class=\"attachment-original size-original\" alt=\"\" decoding=\"async\" loading=\"lazy\" srcset=\"https:\/\/media1.mauthemewp.com\/wp-content\/uploads\/2023\/06\/re.jpg 1337w, https:\/\/media1.mauthemewp.com\/wp-content\/uploads\/2023\/06\/re-300x143.jpg 300w, https:\/\/media1.mauthemewp.com\/wp-content\/uploads\/2023\/06\/re-1024x487.jpg 1024w, https:\/\/media1.mauthemewp.com\/wp-content\/uploads\/2023\/06\/re-768x365.jpg 768w\" sizes=\"(max-width: 1337px) 100vw, 1337px\" \/>\t\t\t\t\t\t\n\t\t\t\t\t<\/div>\n\t\t\t\t\t\t\t\t\n<style>\n#image_1506315803 {\n  width: 100%;\n}\n<\/style>\n\t<\/div>\n\t\n\t\t<\/div>\n\t\t\t\t\t<\/div>\n\n\t\n<\/div>\n\t\t<\/div>\n\n\t\t\n<style>\n#section_1969825325 {\n  padding-top: 80px;\n  padding-bottom: 80px;\n}\n#section_1969825325 .ux-shape-divider--top svg {\n  height: 150px;\n  --divider-top-width: 100%;\n}\n#section_1969825325 .ux-shape-divider--bottom svg {\n  height: 150px;\n  --divider-width: 100%;\n}\n<\/style>\n\t<\/section>\n\t\n\t<section class=\"section gioi-thieu-2\" id=\"section_222588333\">\n\t\t<div class=\"bg section-bg fill bg-fill  bg-loaded\" >\n\n\t\t\t\n\t\t\t\n\t\t\t\n\n\t\t<\/div>\n\n\t\t\n\n\t\t<div class=\"section-content relative\">\n\t\t\t\n<div class=\"row\"  id=\"row-1007453789\">\n\n\t<div id=\"col-1455178282\" class=\"col medium-4 small-12 large-4\"  >\n\t\t\t\t<div class=\"col-inner\"  >\n\t\t\t\n\t\t\t\n\n\t\t<div class=\"icon-box featured-box icon-box-center text-center\"  >\n\t\t\t\t\t<div class=\"icon-box-img\" style=\"width: 45px\">\n\t\t\t\t<div class=\"icon\">\n\t\t\t\t\t<div class=\"icon-inner\" >\n\t\t\t\t\t\t<img width=\"56\" height=\"56\" src=\"https:\/\/media1.mauthemewp.com\/wp-content\/uploads\/2023\/06\/icon-headerphone.png\" class=\"attachment-medium size-medium\" alt=\"\" decoding=\"async\" loading=\"lazy\" \/>\t\t\t\t\t<\/div>\n\t\t\t\t<\/div>\n\t\t\t<\/div>\n\t\t\t\t<div class=\"icon-box-text last-reset\">\n\t\t\t\t\t\t\t\t\t\n<h3 style=\"text-align: center;\">\u0110\u1ed8I H\u1ed6 TR\u1ee2<\/h3>\n<p style=\"text-align: center;\">Nh\u00f3m l\u00e0m vi\u1ec7c tr\u1ef1c ti\u1ebfp v\u1edbi b\u1ea1n v\u1ec1 ph\u00e2n ph\u1ed1i \u00e2m nh\u1ea1c. V\u00e0 s\u1ebd h\u1ed7 tr\u1ee3, t\u01b0 v\u1ea5n ph\u00e1t h\u00e0nh v\u00e0 b\u1ea3n quy\u1ec1n.<\/p>\n\t\t<\/div>\n\t<\/div>\n\t\n\t\n\t\t<\/div>\n\t\t\t\t\t<\/div>\n\n\t\n\n\t<div id=\"col-1701471015\" class=\"col medium-4 small-12 large-4\"  >\n\t\t\t\t<div class=\"col-inner\"  >\n\t\t\t\n\t\t\t\n\n\t\t<div class=\"icon-box featured-box icon-box-center text-center\"  >\n\t\t\t\t\t<div class=\"icon-box-img\" style=\"width: 45px\">\n\t\t\t\t<div class=\"icon\">\n\t\t\t\t\t<div class=\"icon-inner\" >\n\t\t\t\t\t\t<img width=\"56\" height=\"56\" src=\"https:\/\/media1.mauthemewp.com\/wp-content\/uploads\/2023\/06\/icon-chart.png\" class=\"attachment-medium size-medium\" alt=\"\" decoding=\"async\" loading=\"lazy\" \/>\t\t\t\t\t<\/div>\n\t\t\t\t<\/div>\n\t\t\t<\/div>\n\t\t\t\t<div class=\"icon-box-text last-reset\">\n\t\t\t\t\t\t\t\t\t\n<h3 style=\"text-align: center;\">\u0110\u1ed8I NG\u0168 PH\u00c1T TRI\u1ec2N<\/h3>\n<p style=\"text-align: center;\">S\u00e1ng t\u1ea1o v\u00e0 ph\u00e1t tri\u1ec3n c\u00e1c c\u00f4ng c\u1ee5 t\u1ed1i \u01b0u h\u00f3a ho\u1ea1t \u0111\u1ed9ng ph\u00e2n ph\u1ed1i, marketing v\u00e0 qu\u1ea3n l\u00fd danh m\u1ee5c \u1ed5n \u0111\u1ecbnh nh\u1ea5t.<\/p>\n\t\t<\/div>\n\t<\/div>\n\t\n\t\n\t\t<\/div>\n\t\t\t\t\t<\/div>\n\n\t\n\n\t<div id=\"col-263892137\" class=\"col medium-4 small-12 large-4\"  >\n\t\t\t\t<div class=\"col-inner\"  >\n\t\t\t\n\t\t\t\n\n\t\t<div class=\"icon-box featured-box icon-box-center text-center\"  >\n\t\t\t\t\t<div class=\"icon-box-img\" style=\"width: 45px\">\n\t\t\t\t<div class=\"icon\">\n\t\t\t\t\t<div class=\"icon-inner\" >\n\t\t\t\t\t\t<img width=\"57\" height=\"56\" src=\"https:\/\/media1.mauthemewp.com\/wp-content\/uploads\/2023\/06\/icon-contruct.png\" class=\"attachment-medium size-medium\" alt=\"\" decoding=\"async\" loading=\"lazy\" \/>\t\t\t\t\t<\/div>\n\t\t\t\t<\/div>\n\t\t\t<\/div>\n\t\t\t\t<div class=\"icon-box-text last-reset\">\n\t\t\t\t\t\t\t\t\t\n<h3 style=\"text-align: center;\">NH\u00d3M T\u1ed0I \u01afU H\u00d3A<\/h3>\n<p style=\"text-align: center;\">\u0110\u1ed9i ng\u0169 c\u00f3 nhi\u1ec1u n\u0103m kinh nghi\u1ec7m trong vi\u1ec7c t\u1ed1i \u01b0u c\u00e1c n\u1ec1n t\u1ea3ng m\u1ea1ng x\u00e3 h\u1ed9i nh\u01b0 Facebook, Youtube, n\u1ec1n t\u1ea3ng nh\u1ea1c s\u1ed1.<\/p>\n\t\t<\/div>\n\t<\/div>\n\t\n\t\n\t\t<\/div>\n\t\t\t\t\t<\/div>\n\n\t\n<\/div>\n\t\t<\/div>\n\n\t\t\n<style>\n#section_222588333 {\n  padding-top: 30px;\n  padding-bottom: 30px;\n}\n#section_222588333 .ux-shape-divider--top svg {\n  height: 150px;\n  --divider-top-width: 100%;\n}\n#section_222588333 .ux-shape-divider--bottom svg {\n  height: 150px;\n  --divider-width: 100%;\n}\n<\/style>\n\t<\/section>\n\t\n\t<section class=\"section gioi-thieu-3 dark\" id=\"section_1513530078\">\n\t\t<div class=\"bg section-bg fill bg-fill  bg-loaded\" >\n\n\t\t\t\n\t\t\t\n\t\t\t\n\n\t\t<\/div>\n\n\t\t\n\n\t\t<div class=\"section-content relative\">\n\t\t\t\n<div class=\"row row-large\"  id=\"row-1208100942\">\n\n\t<div id=\"col-1368381672\" class=\"col small-12 large-12\"  >\n\t\t\t\t<div class=\"col-inner\"  >\n\t\t\t\n\t\t\t\n<h2><span style=\"font-size: 250%;\">D\u1ecbch v\u1ee5 c\u1ee7a <strong>ONET<\/strong><\/span><\/h2>\n<p><span style=\"color: #808080; font-size: 140%;\">C\u00f4ng ty c\u1ee7a ch\u00fang t\u00f4i v\u1edbi t\u01b0 c\u00e1ch l\u00e0 m\u1ed9t h\u00e3ng thu \u00e2m \u0111\u1ed9c l\u1eadp<br \/>\nc\u00f3 th\u1ec3 h\u00ecnh dung \u0111i\u1ec1u n\u00e0y l\u00e0: &#8220;qu\u1ea3n l\u00fd k\u1ebft h\u1ee3p, h\u00e3ng thu \u00e2m, s\u1ea3n xu\u1ea5t video v\u00e0 ti\u1ebfp th\u1ecb\u201d<\/span><\/p>\n<div class=\"is-divider divider clearfix\" style=\"margin-top:30px;margin-bottom:30px;max-width:100%;height:1px;background-color:rgb(53, 53, 53);\"><\/div>\n\t\t<\/div>\n\t\t\t\t\t<\/div>\n\n\t\n\n\t<div id=\"col-373752317\" class=\"col medium-6 small-12 large-6\"  >\n\t\t\t\t<div class=\"col-inner\"  >\n\t\t\t\n\t\t\t\n\n\t\t<div class=\"icon-box featured-box icon-box-left text-left\"  >\n\t\t\t\t\t<div class=\"icon-box-img\" style=\"width: 159px\">\n\t\t\t\t<div class=\"icon\">\n\t\t\t\t\t<div class=\"icon-inner\" >\n\t\t\t\t\t\t<img width=\"160\" height=\"160\" src=\"https:\/\/media1.mauthemewp.com\/wp-content\/uploads\/2023\/06\/img-dulce.png\" class=\"attachment-medium size-medium\" alt=\"\" decoding=\"async\" loading=\"lazy\" srcset=\"https:\/\/media1.mauthemewp.com\/wp-content\/uploads\/2023\/06\/img-dulce.png 160w, https:\/\/media1.mauthemewp.com\/wp-content\/uploads\/2023\/06\/img-dulce-150x150.png 150w\" sizes=\"(max-width: 160px) 100vw, 160px\" \/>\t\t\t\t\t<\/div>\n\t\t\t\t<\/div>\n\t\t\t<\/div>\n\t\t\t\t<div class=\"icon-box-text last-reset\">\n\t\t\t\t\t\t\t\t\t\n<h3>ph\u00e2n ph\u1ed1i \u00e2m nh\u1ea1c<\/h3>\n<p>Ch\u00fang t\u00f4i ph\u00e2n ph\u1ed1i nh\u1ea1c v\u00e0 video \u0111\u1ebfn c\u00e1c c\u1eeda h\u00e0ng k\u1ef9 thu\u1eadt s\u1ed1 tr\u00ean to\u00e0n th\u1ebf gi\u1edbi, cung c\u1ea5p cho c\u00e1c ngh\u1ec7 s\u0129 gi\u1ea3i ph\u00e1p t\u1ed1i \u01b0u \u0111\u1ec3 \u0111\u00e1p \u1ee9ng m\u1ecdi y\u00eau c\u1ea7u v\u1ec1 ph\u00e2n ph\u1ed1i nh\u1ea1c k\u1ef9 thu\u1eadt s\u1ed1.<\/p>\n\t\t<\/div>\n\t<\/div>\n\t\n\t\n\t\t<\/div>\n\t\t\t\t\t<\/div>\n\n\t\n\n\t<div id=\"col-295804433\" class=\"col medium-6 small-12 large-6\"  >\n\t\t\t\t<div class=\"col-inner\"  >\n\t\t\t\n\t\t\t\n\n\t\t<div class=\"icon-box featured-box icon-box-left text-left\"  >\n\t\t\t\t\t<div class=\"icon-box-img\" style=\"width: 159px\">\n\t\t\t\t<div class=\"icon\">\n\t\t\t\t\t<div class=\"icon-inner\" >\n\t\t\t\t\t\t<img width=\"160\" height=\"160\" src=\"https:\/\/media1.mauthemewp.com\/wp-content\/uploads\/2023\/06\/img-maren.png\" class=\"attachment-medium size-medium\" alt=\"\" decoding=\"async\" loading=\"lazy\" srcset=\"https:\/\/media1.mauthemewp.com\/wp-content\/uploads\/2023\/06\/img-maren.png 160w, https:\/\/media1.mauthemewp.com\/wp-content\/uploads\/2023\/06\/img-maren-150x150.png 150w\" sizes=\"(max-width: 160px) 100vw, 160px\" \/>\t\t\t\t\t<\/div>\n\t\t\t\t<\/div>\n\t\t\t<\/div>\n\t\t\t\t<div class=\"icon-box-text last-reset\">\n\t\t\t\t\t\t\t\t\t\n<h3>Ti\u1ebfp th\u1ecb k\u1ef9 thu\u1eadt s\u1ed1<\/h3>\n<p>Ch\u00fang t\u00f4i \u0111\u00e3 nhanh ch\u00f3ng ph\u00e1t tri\u1ec3n h\u1ec7 th\u1ed1ng truy\u1ec1n th\u00f4ng \u00e2m nh\u1ea1c h\u00e0ng \u0111\u1ea7u t\u1ea1i Vi\u1ec7t Nam, \u0111\u1ea1t h\u01a1n 37 tri\u1ec7u ng\u01b0\u1eddi theo d\u00f5i tr\u00ean c\u00e1c n\u1ec1n t\u1ea3ng m\u1ea1ng x\u00e3 h\u1ed9i ph\u1ed5 bi\u1ebfn nh\u01b0 Facebook, YouTube v\u00e0 TikTok.<\/p>\n\t\t<\/div>\n\t<\/div>\n\t\n\t\n\t\t<\/div>\n\t\t\t\t\t<\/div>\n\n\t\n\n\t<div id=\"col-816178327\" class=\"col medium-6 small-12 large-6\"  >\n\t\t\t\t<div class=\"col-inner\"  >\n\t\t\t\n\t\t\t\n\n\t\t<div class=\"icon-box featured-box icon-box-left text-left\"  >\n\t\t\t\t\t<div class=\"icon-box-img\" style=\"width: 159px\">\n\t\t\t\t<div class=\"icon\">\n\t\t\t\t\t<div class=\"icon-inner\" >\n\t\t\t\t\t\t<img width=\"160\" height=\"160\" src=\"https:\/\/media1.mauthemewp.com\/wp-content\/uploads\/2023\/06\/img-emerson.png\" class=\"attachment-medium size-medium\" alt=\"\" decoding=\"async\" loading=\"lazy\" srcset=\"https:\/\/media1.mauthemewp.com\/wp-content\/uploads\/2023\/06\/img-emerson.png 160w, https:\/\/media1.mauthemewp.com\/wp-content\/uploads\/2023\/06\/img-emerson-150x150.png 150w\" sizes=\"(max-width: 160px) 100vw, 160px\" \/>\t\t\t\t\t<\/div>\n\t\t\t\t<\/div>\n\t\t\t<\/div>\n\t\t\t\t<div class=\"icon-box-text last-reset\">\n\t\t\t\t\t\t\t\t\t\n<h3>s\u1ea3n xu\u1ea5t \u00e2m nh\u1ea1c<\/h3>\n<p>H\u1ed7 tr\u1ee3 s\u1ea3n xu\u1ea5t \u00e2m nh\u1ea1c, s\u1ea3n xu\u1ea5t MV cho \u00e2m nh\u1ea1c c\u1ee7a b\u1ea1n. Trang thi\u1ebft b\u1ecb hi\u1ec7n \u0111\u1ea1i, \u0111\u1ed9i ng\u0169 chuy\u00ean nghi\u1ec7p s\u1ea3n ph\u1ea9m s\u1ebd \u0111\u1ea1t ch\u1ea5t l\u01b0\u1ee3ng cao. T\u1ea1i Vi\u1ec7t Nam, ch\u00fang t\u00f4i h\u1ed7 tr\u1ee3 ngh\u1ec7 s\u0129 chi ph\u00ed s\u1ea3n xu\u1ea5t t\u1ea1i DAO.<\/p>\n\t\t<\/div>\n\t<\/div>\n\t\n\t\n\t\t<\/div>\n\t\t\t\t\t<\/div>\n\n\t\n\n\t<div id=\"col-2016460580\" class=\"col medium-6 small-12 large-6\"  >\n\t\t\t\t<div class=\"col-inner\"  >\n\t\t\t\n\t\t\t\n\n\t\t<div class=\"icon-box featured-box icon-box-left text-left\"  >\n\t\t\t\t\t<div class=\"icon-box-img\" style=\"width: 159px\">\n\t\t\t\t<div class=\"icon\">\n\t\t\t\t\t<div class=\"icon-inner\" >\n\t\t\t\t\t\t<img width=\"160\" height=\"160\" src=\"https:\/\/media1.mauthemewp.com\/wp-content\/uploads\/2023\/06\/img-lincoln.png\" class=\"attachment-medium size-medium\" alt=\"\" decoding=\"async\" loading=\"lazy\" srcset=\"https:\/\/media1.mauthemewp.com\/wp-content\/uploads\/2023\/06\/img-lincoln.png 160w, https:\/\/media1.mauthemewp.com\/wp-content\/uploads\/2023\/06\/img-lincoln-150x150.png 150w\" sizes=\"(max-width: 160px) 100vw, 160px\" \/>\t\t\t\t\t<\/div>\n\t\t\t\t<\/div>\n\t\t\t<\/div>\n\t\t\t\t<div class=\"icon-box-text last-reset\">\n\t\t\t\t\t\t\t\t\t\n<h3>Gi\u1ea3i ph\u00e1p c\u00f4ng ngh\u1ec7<\/h3>\n<p>Ch\u00fang t\u00f4i lu\u00f4n c\u1eadp nh\u1eadt, x\u00e2y d\u1ef1ng v\u00e0 ph\u00e1t tri\u1ec3n c\u00e1c gi\u1ea3i ph\u00e1p cho ng\u00e0nh \u00e2m nh\u1ea1c nh\u01b0: Dashboard, Smartlink, Product analytics, c\u00e1c c\u00f4ng c\u1ee5 marketing chuy\u00ean bi\u1ec7t cho \u00e2m nh\u1ea1c.<\/p>\n\t\t<\/div>\n\t<\/div>\n\t\n\t\n\t\t<\/div>\n\t\t\t\t\t<\/div>\n\n\t\n\n\t<div id=\"col-1573044191\" class=\"col cot2 small-12 large-12\"  >\n\t\t\t\t<div class=\"col-inner text-center\"  >\n\t\t\t\n\t\t\t\n<a href=\"\/dong-gop\/\" target=\"_self\" class=\"button secondary lowercase reveal-icon nut-gioi-thieu\"  >\n    <span>Xem th\u00eam<\/span>\n  <i class=\"icon-angle-right\" aria-hidden=\"true\" ><\/i><\/a>\n\n\t\t<\/div>\n\t\t\t\t\t<\/div>\n\n\t\n<\/div>\n\t\t<\/div>\n\n\t\t\n<style>\n#section_1513530078 {\n  padding-top: 80px;\n  padding-bottom: 80px;\n  background-color: rgb(33, 33, 33);\n}\n#section_1513530078 .ux-shape-divider--top svg {\n  height: 150px;\n  --divider-top-width: 100%;\n}\n#section_1513530078 .ux-shape-divider--bottom svg {\n  height: 150px;\n  --divider-width: 100%;\n}\n<\/style>\n\t<\/section>\n\t\n\t<section class=\"section gioi-thieu-4\" id=\"section_2023725536\">\n\t\t<div class=\"bg section-bg fill bg-fill  bg-loaded\" >\n\n\t\t\t\n\t\t\t\n\t\t\t\n\n\t\t<\/div>\n\n\t\t\n\n\t\t<div class=\"section-content relative\">\n\t\t\t\n<div class=\"row align-middle\"  id=\"row-1753777925\">\n\n\t<div id=\"col-89534652\" class=\"col medium-7 small-12 large-7\"  >\n\t\t\t\t<div class=\"col-inner\"  >\n\t\t\t\n\t\t\t\n\t<div class=\"img has-hover x md-x lg-x y md-y lg-y\" id=\"image_1652135978\">\n\t\t\t\t\t\t\t\t<div class=\"img-inner dark\" >\n\t\t\t<img width=\"777\" height=\"1040\" src=\"https:\/\/media1.mauthemewp.com\/wp-content\/uploads\/2023\/06\/img-publish.png\" class=\"attachment-original size-original\" alt=\"\" decoding=\"async\" loading=\"lazy\" srcset=\"https:\/\/media1.mauthemewp.com\/wp-content\/uploads\/2023\/06\/img-publish.png 777w, https:\/\/media1.mauthemewp.com\/wp-content\/uploads\/2023\/06\/img-publish-224x300.png 224w, https:\/\/media1.mauthemewp.com\/wp-content\/uploads\/2023\/06\/img-publish-765x1024.png 765w, https:\/\/media1.mauthemewp.com\/wp-content\/uploads\/2023\/06\/img-publish-768x1028.png 768w\" sizes=\"(max-width: 777px) 100vw, 777px\" \/>\t\t\t\t\t\t\t<div class=\"overlay\" style=\"background-color: rgba(0, 56, 106, 0.75)\"><\/div>\n\t\t\t\t\t\t\n\t\t\t\t\t<\/div>\n\t\t\t\t\t\t\t\t\n<style>\n#image_1652135978 {\n  width: 100%;\n}\n<\/style>\n\t<\/div>\n\t\n\t\t<\/div>\n\t\t\t\t\t<\/div>\n\n\t\n\n\t<div id=\"col-1818036266\" class=\"col medium-5 small-12 large-5\"  >\n\t\t\t\t<div class=\"col-inner\"  >\n\t\t\t\n\t\t\t\n<h2><strong><span style=\"font-size: 300%;\">Ch\u00fang t\u00f4i l\u00e0 ONET<\/span><\/strong><\/h2>\n<p><span style=\"color: #808080; font-size: 115%;\">Ban \u0111\u1ea7u l\u00e0 m\u1ed9t nh\u00f3m s\u1ea3n xu\u1ea5t \u00e2m nh\u1ea1c, ch\u00fang t\u00f4i th\u00e0nh l\u1eadp DAO Entertainment v\u1edbi \u0111\u1ecbnh h\u01b0\u1edbng ch\u00ednh l\u00e0 tr\u1edf th\u00e0nh m\u1ed9t h\u00e3ng thu \u00e2m \u0111\u1ed9c l\u1eadp chuy\u00ean v\u1ec1 ph\u00e2n ph\u1ed1i, s\u1ea3n xu\u1ea5t, truy\u1ec1n th\u00f4ng v\u00e0 qu\u1ea3n l\u00fd ngh\u1ec7 s\u0129.<\/span><\/p>\n<p><span style=\"color: #808080; font-size: 115%;\">Ch\u00fang t\u00f4i c\u00f3 h\u01a1n 3 n\u0103m kinh nghi\u1ec7m trong l\u0129nh v\u1ef1c ph\u00e2n ph\u1ed1i \u00e2m nh\u1ea1c c\u0169ng nh\u01b0 h\u01a1n 6 n\u0103m kinh nghi\u1ec7m v\u1ec1 YouTube , Facebook \u0111\u1ec3 m\u1edf r\u1ed9ng ph\u1ea1m vi ti\u1ebfp c\u1eadn v\u00e0 t\u0103ng doanh thu c\u1ee7a b\u1ea1n.<\/span><\/p>\n<a href=\"#form-lien-he\" target=\"_self\" class=\"button secondary lowercase reveal-icon nut-gioi-thieu\"  >\n    <span>Li\u00ean h\u1ec7 t\u01b0 v\u1ea5n<\/span>\n  <i class=\"icon-angle-right\" aria-hidden=\"true\" ><\/i><\/a>\n\n\t\t<\/div>\n\t\t\t\t\n<style>\n#col-1818036266 > .col-inner {\n  padding: 0px 0px 0px 80px;\n}\n<\/style>\n\t<\/div>\n\n\t\n<\/div>\n\t\t<\/div>\n\n\t\t\n<style>\n#section_2023725536 {\n  padding-top: 80px;\n  padding-bottom: 80px;\n}\n#section_2023725536 .ux-shape-divider--top svg {\n  height: 150px;\n  --divider-top-width: 100%;\n}\n#section_2023725536 .ux-shape-divider--bottom svg {\n  height: 150px;\n  --divider-width: 100%;\n}\n<\/style>\n\t<\/section>\n\t\n","protected":false},"excerpt":{"rendered":"","protected":false},"author":1,"featured_media":0,"parent":0,"menu_order":0,"comment_status":"closed","ping_status":"closed","template":"page-transparent-header-light.php","meta":{"footnotes":""},"_links":{"self":[{"href":"https:\/\/media1.mauthemewp.com\/vi\/wp-json\/wp\/v2\/pages\/25\/"}],"collection":[{"href":"https:\/\/media1.mauthemewp.com\/vi\/wp-json\/wp\/v2\/pages\/"}],"about":[{"href":"https:\/\/media1.mauthemewp.com\/vi\/wp-json\/wp\/v2\/types\/page\/"}],"author":[{"embeddable":true,"href":"https:\/\/media1.mauthemewp.com\/vi\/wp-json\/wp\/v2\/users\/1\/"}],"replies":[{"embeddable":true,"href":"https:\/\/media1.mauthemewp.com\/vi\/wp-json\/wp\/v2\/comments\/?post=25"}],"version-history":[{"count":35,"href":"https:\/\/media1.mauthemewp.com\/vi\/wp-json\/wp\/v2\/pages\/25\/revisions\/"}],"predecessor-version":[{"id":561,"href":"https:\/\/media1.mauthemewp.com\/vi\/wp-json\/wp\/v2\/pages\/25\/revisions\/561\/"}],"wp:attachment":[{"href":"https:\/\/media1.mauthemewp.com\/vi\/wp-json\/wp\/v2\/media\/?parent=25"}],"curies":[{"name":"wp","href":"https:\/\/api.w.org\/{rel}","templated":true}]}}